{"id":64,"date":"2020-09-09T14:49:51","date_gmt":"2020-09-09T14:49:51","guid":{"rendered":"https:\/\/vereinsensorium.org\/?page_id=64"},"modified":"2020-09-09T17:24:25","modified_gmt":"2020-09-09T17:24:25","slug":"impressum","status":"publish","type":"page","link":"https:\/\/vereinsensorium.org\/index.php\/impressum\/","title":{"rendered":"Impressum"},"content":{"rendered":"\n<hr class=\"wp-block-separator\"\/>\n\n\n\n<p>Der Verein Sensorium wurde 2006 gegr\u00fcndet.<\/p>\n\n\n\n<hr class=\"wp-block-separator\"\/>\n\n\n\n<p>F\u00fcr den Inhalt verantwortlich: <br>Manfred Mavec, MSc MEd<\/p>\n\n\n\n<p>F\u00fcr den Inhalt verlinkter Seiten sind wir nicht verantwortlich.<\/p>\n\n\n\n<hr class=\"wp-block-separator\"\/>\n\n\n\n<p><em>Fotos \u00a9 Manfred Mavec, Siegrid Jamnig, Simon Mavec, Adolf Karn<\/em><\/p>\n\n\n\n<hr class=\"wp-block-separator\"\/>\n\n\n\n<p><em>Alleeweg 7 \/ A-8077 G\u00f6ssendorf<\/em><br><em>info ( aet ) vereinsensorium.org \/ + 43 699 1034 3454<\/em><\/p>\n","protected":false},"excerpt":{"rendered":"<p>Der Verein Sensorium wurde 2006 gegr\u00fcndet. F\u00fcr den Inhalt verantwortlich: Manfred Mavec, MSc MEd F\u00fcr den Inhalt verlinkter Seiten sind wir nicht verantwortlich. Fotos \u00a9 Manfred Mavec, Siegrid Jamnig, Simon Mavec, Adolf Karn Alleeweg 7 \/ A-8077 G\u00f6ssendorfinfo ( aet ) vereinsensorium.org \/ + 43 699 1034 3454<\/p>\n","protected":false},"author":1,"featured_media":0,"parent":0,"menu_order":0,"comment_status":"closed","ping_status":"closed","template":"","meta":[],"_links":{"self":[{"href":"https:\/\/vereinsensorium.org\/index.php\/wp-json\/wp\/v2\/pages\/64"}],"collection":[{"href":"https:\/\/vereinsensorium.org\/index.php\/wp-json\/wp\/v2\/pages"}],"about":[{"href":"https:\/\/vereinsensorium.org\/index.php\/wp-json\/wp\/v2\/types\/page"}],"author":[{"embeddable":true,"href":"https:\/\/vereinsensorium.org\/index.php\/wp-json\/wp\/v2\/users\/1"}],"replies":[{"embeddable":true,"href":"https:\/\/vereinsensorium.org\/index.php\/wp-json\/wp\/v2\/comments?post=64"}],"version-history":[{"count":7,"href":"https:\/\/vereinsensorium.org\/index.php\/wp-json\/wp\/v2\/pages\/64\/revisions"}],"predecessor-version":[{"id":116,"href":"https:\/\/vereinsensorium.org\/index.php\/wp-json\/wp\/v2\/pages\/64\/revisions\/116"}],"wp:attachment":[{"href":"https:\/\/vereinsensorium.org\/index.php\/wp-json\/wp\/v2\/media?parent=64"}],"curies":[{"name":"wp","href":"https:\/\/api.w.org\/{rel}","templated":true}]}}