{"id":2,"date":"2020-09-09T11:49:08","date_gmt":"2020-09-09T11:49:08","guid":{"rendered":"https:\/\/vereinsensorium.org\/?page_id=2"},"modified":"2020-09-09T17:23:50","modified_gmt":"2020-09-09T17:23:50","slug":"sample-page","status":"publish","type":"page","link":"https:\/\/vereinsensorium.org\/","title":{"rendered":"Verein Sensorium"},"content":{"rendered":"\n<figure class=\"wp-block-pullquote\"><blockquote><p>Wissen sollte in Weisheit transferiert werden.<br>Um zu begreifen,<br>dass der&nbsp;<strong>Wert von&nbsp;<\/strong>echter, herzlicher, humaner&nbsp;<strong>Beziehung&nbsp;<em>KEINE \u00f6konomische Komponente&nbsp;<\/em><\/strong>ist.<\/p><cite>&#8211; Manfred Mavec<\/cite><\/blockquote><\/figure>\n\n\n\n<p>\u00dcber Jahre und Jahrzehnte haben sich aus der nur auf \u00f6konomischen Werten ausgerichteten globalen Entwicklung Gesellschaften der Angst etabliert.<\/p>\n\n\n\n<p>Wir sind der Meinung, dass wir alles unternehmen sollten, um Menschen ihre pers\u00f6nliche innere Kraft, ihre Authentizit\u00e4t und ihre Stabilit\u00e4t erhalten zu helfen.<\/p>\n\n\n\n<p><strong>Dazu sollten wir unser Sensorium \u2013 unser Gef\u00fchl zur realen Welt, unsere Urteilskraft, unsere Beziehungsf\u00e4higkeit, unsere Weisheit \u2013 sch\u00fctzen, schulen und st\u00e4rken.<\/strong><\/p>\n\n\n\n<blockquote class=\"wp-block-quote\"><p>WIR, ALS MITGLIEDER DES VEREINS SENSORIUM, VERSUCHEN VORHANDENES WISSEN IN WEISHEIT UMZUWANDELN.<\/p><p>IN GEMEINSAMEN UND INDIVIDUELLEN PROJEKTEN.<\/p><\/blockquote>\n\n\n\n<p><\/p>\n","protected":false},"excerpt":{"rendered":"<p>Wissen sollte in Weisheit transferiert werden.Um zu begreifen,dass der&nbsp;Wert von&nbsp;echter, herzlicher, humaner&nbsp;Beziehung&nbsp;KEINE \u00f6konomische Komponente&nbsp;ist. &#8211; Manfred Mavec \u00dcber Jahre und Jahrzehnte haben sich aus der nur auf \u00f6konomischen Werten ausgerichteten globalen Entwicklung Gesellschaften der Angst etabliert. Wir sind der Meinung, dass wir alles unternehmen sollten, um Menschen ihre pers\u00f6nliche innere [&hellip;]<\/p>\n","protected":false},"author":1,"featured_media":23,"parent":0,"menu_order":0,"comment_status":"closed","ping_status":"closed","template":"","meta":[],"_links":{"self":[{"href":"https:\/\/vereinsensorium.org\/index.php\/wp-json\/wp\/v2\/pages\/2"}],"collection":[{"href":"https:\/\/vereinsensorium.org\/index.php\/wp-json\/wp\/v2\/pages"}],"about":[{"href":"https:\/\/vereinsensorium.org\/index.php\/wp-json\/wp\/v2\/types\/page"}],"author":[{"embeddable":true,"href":"https:\/\/vereinsensorium.org\/index.php\/wp-json\/wp\/v2\/users\/1"}],"replies":[{"embeddable":true,"href":"https:\/\/vereinsensorium.org\/index.php\/wp-json\/wp\/v2\/comments?post=2"}],"version-history":[{"count":13,"href":"https:\/\/vereinsensorium.org\/index.php\/wp-json\/wp\/v2\/pages\/2\/revisions"}],"predecessor-version":[{"id":115,"href":"https:\/\/vereinsensorium.org\/index.php\/wp-json\/wp\/v2\/pages\/2\/revisions\/115"}],"wp:featuredmedia":[{"embeddable":true,"href":"https:\/\/vereinsensorium.org\/index.php\/wp-json\/wp\/v2\/media\/23"}],"wp:attachment":[{"href":"https:\/\/vereinsensorium.org\/index.php\/wp-json\/wp\/v2\/media?parent=2"}],"curies":[{"name":"wp","href":"https:\/\/api.w.org\/{rel}","templated":true}]}}